{"id":47,"date":"2022-12-04T16:23:36","date_gmt":"2022-12-04T15:23:36","guid":{"rendered":"https:\/\/raphaelekennedy.com\/en\/?page_id=47"},"modified":"2025-01-17T18:03:21","modified_gmt":"2025-01-17T17:03:21","slug":"video","status":"publish","type":"page","link":"https:\/\/raphaelekennedy.com\/en\/video\/","title":{"rendered":""},"content":{"rendered":"<p style=\"text-align: center;\"><iframe loading=\"lazy\" title=\"YouTube video player\" src=\"https:\/\/www.youtube.com\/embed\/Zh95ry6h4es?si=8WXf3UU-rh-lMvlE\" width=\"640\" height=\"360\" frameborder=\"0\" allowfullscreen=\"allowfullscreen\"><\/iframe><br \/>\n<b>Philippe Leroux<\/b><br \/>\n<b><i>L&rsquo;Annonce faite \u00e0 Marie&nbsp;<\/i>(live extracts)<\/b><br \/>\nOpera<br \/>\nRapha\u00eble Kennedy | Sophia Burgos | Els Janssens Vanmunster | Marc Scoffoni | Charles Rice | Vincent Bouchot | Ensemble Cairn, Guillaume Bourgogne, musical direction | Rapha\u00e8le Fleury, libretto based on Paul Claudel\u2019s work | C\u00e9lie Pauthe, staging | R\u00e9mi Durupt, assistant to the musical director | Sol\u00e8ne Souriau, staging assistance | Guillaume Delaveau, scenography | Carlo Laurenzi, Ircam electronics | Cl\u00e9ment Cerles, Ircam sound diffusion | Ana\u00efs Romand, costumes | S\u00e9bastien Michaud, lighting | Fran\u00e7ois Weber, images | Denis Loubaton, dramaturgy | Angers Nantes Op\u00e9ra, set construction and costume making<\/p>\n<hr>\n<p style=\"text-align: center;\"><iframe loading=\"lazy\" src=\"https:\/\/player.vimeo.com\/video\/804215314\" width=\"640\" height=\"360\" frameborder=\"0\" allowfullscreen=\"allowfullscreen\"><\/iframe><br \/>\n<b><i>Il, et sa nuit <\/i>(teaser)<\/b><br \/>\nPoetry by R\u00e9gis Lefort<br \/>\nMusic by Pierre-Adrien Charpy<br \/>\nCompagnie DA PACEM<br \/>\nRapha\u00eble Kennedy, voice | Val\u00e9rie Dulac, cello | Pierre-Adrien Charpy, live electronics | Fabien Minez, sound<\/p>\n<hr>\n<p style=\"text-align: center;\"><iframe loading=\"lazy\" src=\"https:\/\/www.youtube.com\/embed\/NCGfM3n20y0\" width=\"640\" height=\"360\" frameborder=\"0\" allowfullscreen=\"allowfullscreen\"><\/iframe><br \/>\n<b>Kaija Saariaho<\/b><br \/>\n<b><i>Lonh&nbsp;<\/i>(extract from Blu-Ray &amp; CD <em>Ekstasis<\/em>)<\/b><br \/>\nBlu-Ray and Visual concert<br \/>\nRapha\u00eble Kennedy | Jean-Baptiste Barri\u00e8re, design and realisation of the images, electronics and final mixing, electronics realisation | Pierre-Jean Bouyer and Fran\u00e7ois Galard, video processing | Isabelle Barri\u00e8re, video shooting, editing and color grading | Image Auditive, technical conception and supervision | David Lefeber, engineering, editing, vocal and instrumental sound mixing | Thomas Goepfer, electronics realisation<\/p>\n<p style=\"text-align: center;\"><a href=\"http:\/\/www.cypres-records.com\/index.php?page=shop.product_details&amp;flypage=shop.flypage&amp;product_id=260&amp;category_id=1&amp;lang=&amp;option=com_phpshop&amp;Itemid=6\">Buy the physical box-set<\/a> (Cypres records)<\/p>\n<p style=\"text-align: center;\"><a href=\"mailto:dapacem1901@gmail.com\">Order by mail to the producer<\/a> (Da Pacem)<\/p>\n<p style=\"text-align: center;\"><a href=\"https:\/\/vimeo.com\/avecypres\">Buy the dematerialised form<\/a> (vimeo AVECypres)<\/p>\n<hr>\n<p style=\"text-align: center;\"><iframe loading=\"lazy\" src=\"https:\/\/player.vimeo.com\/video\/444789141\" width=\"640\" height=\"360\" frameborder=\"0\" allowfullscreen=\"allowfullscreen\"><\/iframe><br \/>\n<b><i>L&rsquo;\u00eele Paradis qu&rsquo;on ne doit pas dire <\/i>(teaser)<\/b><br \/>\nTexts by Henry Bauchau<br \/>\nMusic by Pierre-Adrien Charpy<br \/>\nVideo by Isabelle Fran\u00e7aix<br \/>\nInks and drawings by Lionel D.<br \/>\nVincent Bouchot | Rapha\u00eble Kennedy<\/p>\n<hr>\n<p style=\"text-align: center;\"><iframe loading=\"lazy\" src=\"https:\/\/player.vimeo.com\/video\/798417942\" width=\"640\" height=\"360\" frameborder=\"0\" allowfullscreen=\"allowfullscreen\"><\/iframe><br \/>\n<b><i>Ausc\u00faltare <\/i>(teaser)<\/b><br \/>\nSound experience<br \/>\nMusic by Bertrand Wolff<br \/>\nRobotic design by Guillaume Stagnaro<br \/>\nLighting creation by Alexandre Martre<br \/>\nRapha\u00eble Kennedy | Isabelle Deproit<\/p>\n<hr>\n<p style=\"text-align: center;\"><iframe loading=\"lazy\" title=\"YouTube video player\" src=\"https:\/\/www.youtube.com\/embed\/0Ojs4rMvzSY?si=qw2gSoLHueqKHphN\" width=\"640\" height=\"360\" frameborder=\"0\" allowfullscreen=\"allowfullscreen\"><\/iframe><br \/>\n<b><i>Le Roi du cirque <\/i>(teaser)<\/b><br \/>\nMovie by \u00c9douard-\u00c9mile Violet &amp; Max Linder in film-concert<br \/>\nMusic by Pierre-Adrien Charpy<br \/>\nRapha\u00eble Kennedy, voice | Pierre-Adrien Charpy, keyboards | \u00c9ric Chalan, electric doublebass | Christian Bini, drums<\/p>\n<hr>\n<p style=\"text-align: center;\"><iframe loading=\"lazy\" title=\"YouTube video player\" src=\"https:\/\/www.youtube.com\/embed\/GFJJe65nUIo\" width=\"640\" height=\"360\" frameborder=\"0\" allowfullscreen=\"allowfullscreen\"><\/iframe><br \/>\n<b>Jean-Baptiste Barri\u00e8re<\/b><br \/>\n<b><i>Ekstasis&nbsp;<\/i>(extract from Blu-Ray &amp; CD <em>Ekstasis<\/em>)<\/b><br \/>\nBlu-Ray and Visual concert<br \/>\nRapha\u00eble Kennedy | Jean-Baptiste Barri\u00e8re, design and realisation of the images, electronics and final mixing, electronics realisation | Pierre-Jean Bouyer and Fran\u00e7ois Galard, video processing | Isabelle Barri\u00e8re, video shooting, editing and color grading | Image Auditive, technical conception and supervision | David Lefeber, engineering, editing, vocal and instrumental sound mixing | Thomas Goepfer, electronics realisation<\/p>\n<p style=\"text-align: center;\"><a href=\"http:\/\/www.cypres-records.com\/index.php?page=shop.product_details&amp;flypage=shop.flypage&amp;product_id=260&amp;category_id=1&amp;lang=&amp;option=com_phpshop&amp;Itemid=6\">Buy the physical box-set<\/a> (Cypres records)<\/p>\n<p style=\"text-align: center;\"><a href=\"mailto:dapacem1901@gmail.com\">Order by mail to the producer<\/a> (Da Pacem)<\/p>\n<p style=\"text-align: center;\"><a href=\"https:\/\/vimeo.com\/avecypres\">Buy the dematerialised form<\/a> (vimeo AVECypres)<\/p>\n<hr>\n<p style=\"text-align: center;\"><iframe loading=\"lazy\" src=\"https:\/\/player.vimeo.com\/video\/344981074\" width=\"640\" height=\"360\" frameborder=\"0\" allowfullscreen=\"allowfullscreen\"><\/iframe><br \/>\n<b>Pierre-Adrien Charpy<\/b><br \/>\n<b><i>Le doux parfum des temps \u00e0 venir <\/i>(teaser)<\/b><br \/>\nText by Lyonel Trouillot<br \/>\nRapha\u00eble Kennedy | DA PACEM : Camilla Hoitenga (flute), Serge Bertocchi (saxophone), Val\u00e9rie Dulac (cello), Jean-Jacques B\u00e9dikian (piano), Pierre-Adrien Charpy, conductor<\/p>\n<hr>\n<p style=\"text-align: center;\"><iframe loading=\"lazy\" src=\"https:\/\/www.youtube.com\/embed\/TOCSWrT4WDY\" width=\"640\" height=\"360\" frameborder=\"0\" allowfullscreen=\"allowfullscreen\"><\/iframe><br \/>\n<b>G\u00e9rard Grisey<\/b><br \/>\n<b><i>Quatre chants pour franchir le seuil <\/i>(live)<\/b><br \/>\nRapha\u00eble Kennedy | tm+, Laurent Cuniot, conductor<\/p>\n<hr>\n<p style=\"text-align: center;\"><iframe loading=\"lazy\" src=\"https:\/\/www.youtube.com\/embed\/sklxxKUECYI\" width=\"640\" height=\"360\" frameborder=\"0\" allowfullscreen=\"allowfullscreen\"><\/iframe><b><\/b><br \/>\n<b><i>Vivante morte \u00e9blouie&nbsp;<\/i><\/b><br \/>\nFilm by Isabelle Fran\u00e7aix<br \/>\nMusic by Pierre-Adrien Charpy<br \/>\nRapha\u00eble Kennedy | David Lefeber, sound<br \/>\nHerv\u00e9 Alexandre \u2013 Matsylie Productions<\/p>\n<hr>\n<p style=\"text-align: center;\"><iframe loading=\"lazy\" src=\"https:\/\/www.youtube.com\/embed\/brpB6S5gTts\" width=\"640\" height=\"360\" frameborder=\"0\" allowfullscreen=\"allowfullscreen\"><\/iframe><\/p>\n<p style=\"text-align: center;\"><b>Pierre-Adrien Charpy<\/b><br \/>\n<b><i>Sillages <\/i>(teaser)<\/b><br \/>\n2-CD box set<br \/>\nRapha\u00eble Kennedy | Duo Leroy-Moubarak | Thomas Keck | Marylise Florid | Ana\u00efs Gaudemard | Solistes XXI, direction Rachid Safir | Moussa H\u00e9ma | DA PACEM : Sylvie Moquet, Yannick Varlet, Pierre-Adrien Charpy<\/p>\n<p style=\"text-align: center;\"><a href=\"http:\/\/www.cypres-records.com\/index.php?page=shop.product_details&amp;flypage=shop.flypage&amp;product_id=248&amp;category_id=1&amp;lang=&amp;option=com_phpshop&amp;Itemid=6\">Buy the box-set<\/a> (Cypres records)<\/p>\n<p style=\"text-align: center;\"><a href=\"mailto:dapacem1901@gmail.com\">Order by mail to the producer<\/a> (Da Pacem)<\/p>\n<hr>\n<p style=\"text-align: center;\"><iframe loading=\"lazy\" src=\"https:\/\/www.youtube.com\/embed\/PtUJQz0ZANc\" width=\"640\" height=\"360\" frameborder=\"0\" allowfullscreen=\"allowfullscreen\"><\/iframe><br \/>\n<b><i>L&rsquo;Enfant inou\u00ef <\/i>(teaser)<\/b><br \/>\nOpera for young audiences<br \/>\nBooklet and staging by Sylvain Maurice<br \/>\nMusic by Laurent Cuniot<br \/>\nRapha\u00eble Kennedy | tm+ : Anne-C\u00e9cile Cuniot (flute), Etienne Lamaison (clarinet), Gianny Pizzolato (percussion) | Antonin Bouvret, stage design | Lo\u00efs Drouglazet, video creation | Rodolphe Martin, light creation | L\u00e9a Perron, costumes | Yann Bouloiseau, sound | R\u00e9mi Rose, stage manager<\/p>\n<hr>\n<p style=\"text-align: center;\"><iframe loading=\"lazy\" src=\"https:\/\/www.youtube.com\/embed\/g1L0L-UxA2I\" width=\"640\" height=\"360\" frameborder=\"0\" allowfullscreen=\"allowfullscreen\"><\/iframe><br \/>\n<b>Hans Abrahamsen<\/b><br \/>\n<b><i>Two Inger Christensen Songs <\/i>(live)<\/b><br \/>\nRapha\u00eble Kennedy | tm+, Laurent Cuniot, conductor<\/p>\n<hr>\n<p style=\"text-align: center;\"><iframe loading=\"lazy\" src=\"https:\/\/www.youtube.com\/embed\/DVcIr9jYj_c\" width=\"640\" height=\"360\" frameborder=\"0\" allowfullscreen=\"allowfullscreen\"><\/iframe><br \/>\n<b>Elisabeth Jacquet de la Guerre<\/b><br \/>\n<b><i>Le Sommeil d&rsquo;Ulisse <\/i>(live extract)<\/b><br \/>\nRapha\u00eble Kennedy | DA PACEM : St\u00e9phanie Paulet (violin), Marine Sablonni\u00e8re (flute), Marianne Muller (viol), Yannick Varlet (harpsichord)<\/p>\n<hr>\n<p style=\"text-align: center;\"><iframe loading=\"lazy\" src=\"https:\/\/www.youtube.com\/embed\/f6a6P8Xcn5c\" width=\"640\" height=\"360\" frameborder=\"0\" allowfullscreen=\"allowfullscreen\"><\/iframe><br \/>\n<b>Patrick Burgan<\/b><br \/>\n<b><i>Jeux de femmes <\/i>(live extract)<\/b><br \/>\nRapha\u00eble Kennedy | Camilla Hoitenga (flute)<\/p>\n<hr>\n<p style=\"text-align: center;\"><iframe loading=\"lazy\" src=\"https:\/\/www.youtube.com\/embed\/GsPdK5qDym4\" width=\"640\" height=\"360\" frameborder=\"0\" allowfullscreen=\"allowfullscreen\"><\/iframe><br \/>\n<b>Gianvincenzo Cresta<\/b><br \/>\n<b><i>Alle guerre d\u2019amore <\/i>(making of)<\/b><br \/>\nCD<br \/>\nChristophe Desjardins (viola) | Rapha\u00eble Kennedy | Caroline Pelon (soprano) | L\u2019Amoroso, Guido Balestracci, conductor<\/p>\n<hr>\n<p style=\"text-align: center;\"><iframe loading=\"lazy\" src=\"https:\/\/www.youtube.com\/embed\/nIc8tsdGJQ8\" width=\"640\" height=\"360\" frameborder=\"0\" allowfullscreen=\"allowfullscreen\"><\/iframe><br \/>\n<b>Matteo Franceschini<\/b><br \/>\n<b><i>LaCuna&nbsp;<\/i>(live extract)<\/b><br \/>\nRapha\u00eble Kennedy | Les Jeunes Solistes, Rachid Safir, conductor |&nbsp;Matteo Franceschini \/ IRCAM, computer music design | Mikhail Malt, project advisor |&nbsp;Stalkervideo \u2013 Milano, video creation | Luca Franceschini, art director, drawings and animation |&nbsp;Anna Frigo et Francesco Lupi Timini, digital filters and post-production |&nbsp;Cristina Marelli, executive producer | Elisabetta Gabbioneta, costumes and stage-designing |&nbsp;Lisabeth Lobos Najari, make-up | Andrea Franceschini, editing and direction<\/p>\n","protected":false},"excerpt":{"rendered":"<p>Philippe Leroux L&rsquo;Annonce faite \u00e0 Marie&nbsp;(live extracts) Opera Rapha\u00eble Kennedy | Sophia Burgos | Els Janssens Vanmunster | Marc Scoffoni | Charles Rice | Vincent Bouchot | Ensemble Cairn, Guillaume Bourgogne, musical direction | Rapha\u00e8le Fleury, libretto based on Paul Claudel\u2019s work | C\u00e9lie Pauthe, staging | R\u00e9mi Durupt, assistant to the musical director | &hellip; <\/p>\n<p class=\"link-more\"><a href=\"https:\/\/raphaelekennedy.com\/en\/video\/\" class=\"more-link\">Continuer la lecture<span class=\"screen-reader-text\"> de &laquo;&nbsp;&nbsp;&raquo;<\/span><\/a><\/p>\n","protected":false},"author":1,"featured_media":0,"parent":0,"menu_order":0,"comment_status":"closed","ping_status":"closed","template":"","meta":[],"_links":{"self":[{"href":"https:\/\/raphaelekennedy.com\/en\/wp-json\/wp\/v2\/pages\/47"}],"collection":[{"href":"https:\/\/raphaelekennedy.com\/en\/wp-json\/wp\/v2\/pages"}],"about":[{"href":"https:\/\/raphaelekennedy.com\/en\/wp-json\/wp\/v2\/types\/page"}],"author":[{"embeddable":true,"href":"https:\/\/raphaelekennedy.com\/en\/wp-json\/wp\/v2\/users\/1"}],"replies":[{"embeddable":true,"href":"https:\/\/raphaelekennedy.com\/en\/wp-json\/wp\/v2\/comments?post=47"}],"version-history":[{"count":17,"href":"https:\/\/raphaelekennedy.com\/en\/wp-json\/wp\/v2\/pages\/47\/revisions"}],"predecessor-version":[{"id":703,"href":"https:\/\/raphaelekennedy.com\/en\/wp-json\/wp\/v2\/pages\/47\/revisions\/703"}],"wp:attachment":[{"href":"https:\/\/raphaelekennedy.com\/en\/wp-json\/wp\/v2\/media?parent=47"}],"curies":[{"name":"wp","href":"https:\/\/api.w.org\/{rel}","templated":true}]}}