{"id":40,"date":"2022-12-04T16:19:48","date_gmt":"2022-12-04T15:19:48","guid":{"rendered":"https:\/\/raphaelekennedy.com\/en\/?page_id=40"},"modified":"2026-03-06T15:39:55","modified_gmt":"2026-03-06T14:39:55","slug":"biography-and-photos","status":"publish","type":"page","link":"https:\/\/raphaelekennedy.com\/en\/biography-and-photos\/","title":{"rendered":""},"content":{"rendered":"<hr>\n<p style=\"text-align: center;\"><span style=\"color: #800080;\"><strong>BIOGRAPHY<\/strong><\/span><\/p>\n<hr>\n<p style=\"text-align: justify;\">Rapha\u00eble Kennedy is a soloist and polyphonist who devotes her artistic life to the interpretation of early music and to the creation of contemporary works, with the same demand to draw out the palpitation of meaning, and the same desire to give a taste of it in order to transmit the emotion.<\/p>\n<p style=\"text-align: justify;\">Recognized with Jordi Savall, Fran\u00e7ois Lazarevitch and les Musiciens de Saint-Julien, Jean-Marc Aymes and Concerto soave, Guido Balestracci and l&rsquo;Amoroso, Jean Tub\u00e9ry and La Fenice, Vincent Beer-Demander and Compagnie VBD &amp; Co, within A Sei Voci, European ensemble William Byrd, Les Paladins, Le Po\u00e8me Harmonique, Les Demoiselles de Saint-Cyr&#8230;, she appears in the great festivals as well as in many recordings dedicated to the early music.<\/p>\n<p style=\"text-align: justify;\">She has also become a leading figure in contemporary creation and is the dedicatee of numerous works. She has worked closely with Kaija Saariaho and Jean-Baptiste Barri\u00e8re on their visual concerts, as well as with Robert Pascal. The heroine of Philippe Leroux&rsquo;s opera <em>L&rsquo;Annonce faite \u00e0 Marie<\/em> and the title role in Laurent Cuniot&rsquo;s opera <em>L&rsquo;Enfant inou\u00ef<\/em>, she has also worked with Mauro Lanza, Gianvincenzo Cresta, Matteo Franceschini, Ben Foskett, Lo\u00efse Bulot and Agata Zubel. She is also the preferred interpreter of Pierre-Adrien Charpy and has begun a collaboration with electroacoustic artist Bertrand Wolff. She has performed in internationally renowned venues and festivals such as Carnegie Hall and Miller Theatre in New York, CCRMA-Stanford, UC Los Angeles Center for the Art of Performance, UC Berkeley, Lucerne Festival, Salzburger Festspiele, Integra Copenhagen, Musica Strasbourg, Pr\u00e9sences of Radio France, Agora and Manifeste of IRCAM-Paris, les Musiques and Propagations of GMEM-Marseille, Manca of CIRM-Nice, FIMS of Fribourg, Ch\u00e2telet Theatre, Angers-Nantes Op\u00e9ra, Rennes Opera, Massy Opera, Capitole Theatre, Poitiers Auditorium Theatre&#8230;<\/p>\n<p style=\"text-align: justify;\">A specialist in recitals for solo voice and electronics, she is also a regular guest artist with the ensembles tm+ (conducted by Laurent Cuniot), Ars Nova (conducted by Beno\u00eet Sitzia), Multilat\u00e9rale and Les M\u00e9taboles (conducted by L\u00e9o Warynski), the Ensemble Contemporain de l&rsquo;HEMU (conducted by Guillaume Bourgogne). She was a permanent member of the Jeunes Solistes and then the Solistes XXI (conducted by Rachid Safir).<\/p>\n<p style=\"text-align: justify;\">She is artistic director of Da Pacem, a company dedicated to early music, contemporary creation and dialogue between cultures founded with composer <a href=\"http:\/\/www.pierreadriencharpy.com\/\" target=\"_blank\" rel=\"noopener\">Pierre-Adrien Charpy<\/a>, which includes Sylvie Moquet, Marianne Muller, Virginie Descharmes, St\u00e9phanie Paulet, Yannick Varlet, Jean-Luc Ho, Marine Sablonni\u00e8re, Vincent Bouchot, Isabelle Deproit, Geoffroy Buffi\u00e8re, Val\u00e9rie Dulac, Camilla Hoitenga, Marylise Florid, Serge Bertocchi, Anne Etienvre, Jean-Jacques B\u00e9dikian, Christian Bini, Moussa H\u00e9ma, Guilhem Lacroux and Alain Boeuf. It is within this framework &#8211; from duets to small ensembles, multidisciplinary or multimedia performances and the founding of the Avec musical and visual collection on the Cypres label &#8211; that she freely bases her work on sensuality, theatricality and rhetoric. She thus favors the incarnated transparency of the voice, the accuracy of style, the brilliance that emerges from the angle of the word and the declamatory gesture that makes the music the amplification of the word.<\/p>\n<p style=\"text-align: justify;\">She has made some forty recordings, including those of Da Pacem, which have been unanimously acclaimed by the critics.<\/p>\n<p style=\"text-align: justify;\">She teaches singing in the Early Music department of the Toulon Provence M\u00e9diterran\u00e9e Conservatoire.<\/p>\n<p><a href=\"https:\/\/raphaelekennedy.com\/en\/wp-content\/uploads\/2026\/03\/RK-Biography_2026-03.pdf\">Download the biography<\/a><\/p>\n<hr>\n<p style=\"text-align: center;\"><span style=\"color: #800080;\"><strong>PHOTOS<\/strong><\/span><\/p>\n<hr>\n<p>Rapha\u00eble Kennedy\u00a9Alain Boeuf<\/p>\n<p><img decoding=\"async\" loading=\"lazy\" class=\"size-medium wp-image-897 alignnone\" src=\"https:\/\/raphaelekennedy.com\/wp-content\/uploads\/2024\/06\/Raphaele-Kennedy_NB1-web\u00a9Alain-Boeuf.jpeg\" alt=\"\" width=\"339\" height=\"450\"><img decoding=\"async\" loading=\"lazy\" class=\"size-medium wp-image-896 alignright\" src=\"https:\/\/raphaelekennedy.com\/wp-content\/uploads\/2024\/06\/Raphaele-Kennedy_NB2-web\u00a9Alain-Boeuf.jpeg\" alt=\"\" width=\"339\" height=\"450\"><\/p>\n<p><img decoding=\"async\" loading=\"lazy\" class=\"alignnone size-medium wp-image-904\" src=\"https:\/\/raphaelekennedy.com\/wp-content\/uploads\/2024\/06\/Raphaele-Kennedy_C4-web\u00a9Alain-Boeuf.jpeg\" alt=\"\" width=\"339\" height=\"450\"><img decoding=\"async\" loading=\"lazy\" class=\"size-medium wp-image-903 alignright\" src=\"https:\/\/raphaelekennedy.com\/wp-content\/uploads\/2024\/10\/Raphaele-Kennedy_C5-web\u00a9Alain-Boeuf.jpeg\" alt=\"\" width=\"335,61\" height=\"445,5\"><\/p>\n<p><img decoding=\"async\" loading=\"lazy\" class=\"size-medium wp-image-899 aligncenter\" src=\"https:\/\/raphaelekennedy.com\/wp-content\/uploads\/2024\/06\/Raphaele-Kennedy_C2-web\u00a9Alain-Boeuf.jpeg\" alt=\"\" width=\"452\" height=\"600\"><\/p>\n<p><img decoding=\"async\" loading=\"lazy\" class=\"size-medium wp-image-1051 alignnone\" src=\"https:\/\/raphaelekennedy.com\/wp-content\/uploads\/2024\/10\/Raphaele-Kennedy_C6-web\u00a9Alain-Boeuf.jpeg\" alt=\"\" width=\"293,8\" height=\"390\"><img decoding=\"async\" loading=\"lazy\" class=\"size-medium wp-image-902 alignright\" src=\"https:\/\/raphaelekennedy.com\/wp-content\/uploads\/2024\/06\/Raphaele-Kennedy_C1-web\u00a9Alain-Boeuf.jpeg\" alt=\"\" width=\"313,3\" height=\"390\"><\/p>\n<p><img decoding=\"async\" loading=\"lazy\" class=\"alignnone size-medium wp-image-898 aligncenter\" src=\"https:\/\/raphaelekennedy.com\/wp-content\/uploads\/2024\/06\/Raphaele-Kennedy_NB3-web\u00a9Alain-Boeuf.jpeg\" alt=\"\" width=\"388,042\" height=\"515,1\"><\/p>\n<p><img decoding=\"async\" loading=\"lazy\" class=\"alignnone size-medium wp-image-1052 aligncenter\" src=\"https:\/\/raphaelekennedy.com\/wp-content\/uploads\/2024\/10\/Raphaele-Kennedy_NB4-web\u00a9Alain-Boeuf.jpeg\" alt=\"\" width=\"393,96\" height=\"588\"><\/p>\n<p>&nbsp;<\/p>\n<p>Rapha\u00eble Kennedy\u00a9Isabelle Fran\u00e7aix<\/p>\n<p><img decoding=\"async\" loading=\"lazy\" class=\"size-full wp-image-203 alignnone\" src=\"https:\/\/raphaelekennedy.com\/en\/wp-content\/uploads\/sites\/2\/2022\/12\/RaphaeleKennedy_web2\u00a9IsabelleFrancaix.jpg\" alt=\"\" width=\"360\" height=\"auto\"> <img decoding=\"async\" loading=\"lazy\" class=\"size-full wp-image-207  alignnone\" src=\"https:\/\/raphaelekennedy.com\/en\/wp-content\/uploads\/sites\/2\/2022\/12\/RaphaeleKennedy_web3\u00a9IsabelleFrancaix.jpg\" alt=\"\" width=\"360\" height=\"auto\"><\/p>\n<p><img decoding=\"async\" loading=\"lazy\" class=\"size-full wp-image-207  aligncenter\" src=\"https:\/\/raphaelekennedy.com\/en\/wp-content\/uploads\/sites\/2\/2022\/12\/RaphaeleKennedy_web1\u00a9IsabelleFrancaix.jpg\" alt=\"\" width=\"360\" height=\"auto\"><\/p>\n<p><img decoding=\"async\" loading=\"lazy\" class=\"size-full wp-image-595 aligncenter\" src=\"https:\/\/raphaelekennedy.com\/en\/wp-content\/uploads\/sites\/2\/2022\/12\/RaphaeleKennedy_web4\u00a9IsabelleFrancaix.jpg\" alt=\"\" width=\"450\" height=\"auto\"><\/p>\n<p><img decoding=\"async\" loading=\"lazy\" class=\"size-medium wp-image-650 aligncenter\" src=\"https:\/\/raphaelekennedy.com\/en\/wp-content\/uploads\/sites\/2\/2024\/11\/portrait-poudre_3.jpg\" alt=\"\" width=\"450\" height=\"auto\" srcset=\"https:\/\/raphaelekennedy.com\/en\/wp-content\/uploads\/sites\/2\/2024\/11\/portrait-poudre_3.jpg 2133w, https:\/\/raphaelekennedy.com\/en\/wp-content\/uploads\/sites\/2\/2024\/11\/portrait-poudre_3-300x169.jpg 300w, https:\/\/raphaelekennedy.com\/en\/wp-content\/uploads\/sites\/2\/2024\/11\/portrait-poudre_3-1024x576.jpg 1024w, https:\/\/raphaelekennedy.com\/en\/wp-content\/uploads\/sites\/2\/2024\/11\/portrait-poudre_3-768x432.jpg 768w, https:\/\/raphaelekennedy.com\/en\/wp-content\/uploads\/sites\/2\/2024\/11\/portrait-poudre_3-1536x864.jpg 1536w, https:\/\/raphaelekennedy.com\/en\/wp-content\/uploads\/sites\/2\/2024\/11\/portrait-poudre_3-2048x1152.jpg 2048w\" sizes=\"(max-width: 767px) 89vw, (max-width: 1000px) 54vw, (max-width: 1071px) 543px, 580px\" \/><\/p>\n<p>&nbsp;<\/p>\n<p>Rapha\u00eble Kennedy\u00a9Alain Anselm<\/p>\n<p><img decoding=\"async\" loading=\"lazy\" class=\"size-full wp-image-256 aligncenter\" src=\"https:\/\/raphaelekennedy.com\/wp-content\/uploads\/2022\/12\/RaphaeleKennedy_web\u00a9AlainAnselm.jpg\" alt=\"\" width=\"450\" height=\"auto\"><\/p>\n<p>&nbsp;<\/p>\n<p>Rapha\u00eble Kennedy\u00a9Anne-Marie Berthon<\/p>\n<p><img decoding=\"async\" loading=\"lazy\" class=\"size-full wp-image-670 alignnone\" src=\"https:\/\/raphaelekennedy.com\/wp-content\/uploads\/2022\/12\/RaphaeleKennedy_web3\u00a9AnneMarieBerthon.jpg\" alt=\"\" width=\"240\" height=\"auto\"> <img decoding=\"async\" loading=\"lazy\" class=\"size-full wp-image-264\" src=\"https:\/\/raphaelekennedy.com\/wp-content\/uploads\/2022\/12\/RaphaeleKennedy_web1\u00a9AnneMarieBerthon.jpg\" alt=\"\" width=\"237\" height=\"auto\"> <img decoding=\"async\" loading=\"lazy\" class=\"size-full wp-image-669 alignnone \" src=\"https:\/\/raphaelekennedy.com\/wp-content\/uploads\/2022\/12\/RaphaeleKennedy_web2\u00a9AnneMarieBerthon.jpg\" alt=\"\" width=\"248\" height=\"auto\"><\/p>\n","protected":false},"excerpt":{"rendered":"<p>BIOGRAPHY Rapha\u00eble Kennedy is a soloist and polyphonist who devotes her artistic life to the interpretation of early music and to the creation of contemporary works, with the same demand to draw out the palpitation of meaning, and the same desire to give a taste of it in order to transmit the emotion. Recognized with &hellip; <\/p>\n<p class=\"link-more\"><a href=\"https:\/\/raphaelekennedy.com\/en\/biography-and-photos\/\" class=\"more-link\">Continuer la lecture<span class=\"screen-reader-text\"> de &laquo;&nbsp;&nbsp;&raquo;<\/span><\/a><\/p>\n","protected":false},"author":1,"featured_media":0,"parent":0,"menu_order":0,"comment_status":"closed","ping_status":"closed","template":"","meta":[],"_links":{"self":[{"href":"https:\/\/raphaelekennedy.com\/en\/wp-json\/wp\/v2\/pages\/40"}],"collection":[{"href":"https:\/\/raphaelekennedy.com\/en\/wp-json\/wp\/v2\/pages"}],"about":[{"href":"https:\/\/raphaelekennedy.com\/en\/wp-json\/wp\/v2\/types\/page"}],"author":[{"embeddable":true,"href":"https:\/\/raphaelekennedy.com\/en\/wp-json\/wp\/v2\/users\/1"}],"replies":[{"embeddable":true,"href":"https:\/\/raphaelekennedy.com\/en\/wp-json\/wp\/v2\/comments?post=40"}],"version-history":[{"count":109,"href":"https:\/\/raphaelekennedy.com\/en\/wp-json\/wp\/v2\/pages\/40\/revisions"}],"predecessor-version":[{"id":823,"href":"https:\/\/raphaelekennedy.com\/en\/wp-json\/wp\/v2\/pages\/40\/revisions\/823"}],"wp:attachment":[{"href":"https:\/\/raphaelekennedy.com\/en\/wp-json\/wp\/v2\/media?parent=40"}],"curies":[{"name":"wp","href":"https:\/\/api.w.org\/{rel}","templated":true}]}}